{"id":42,"date":"2023-04-25T12:27:32","date_gmt":"2023-04-25T10:27:32","guid":{"rendered":"https:\/\/www.orsiniservice.it\/wordpress\/?page_id=42"},"modified":"2024-08-28T09:37:57","modified_gmt":"2024-08-28T07:37:57","slug":"acqua-fonte-moreto","status":"publish","type":"page","link":"https:\/\/www.orsiniservice.it\/?page_id=42","title":{"rendered":"Fonte Moreto."},"content":{"rendered":"\n<div class=\"wp-block-media-text is-stacked-on-mobile is-vertically-aligned-top\" style=\"grid-template-columns:38% auto\"><figure class=\"wp-block-media-text__media\"><img loading=\"lazy\" decoding=\"async\" width=\"683\" height=\"1024\" src=\"https:\/\/www.orsiniservice.it\/wordpress\/wp-content\/uploads\/2024\/08\/FM1-683x1024.jpg\" alt=\"\" class=\"wp-image-213 size-full\" srcset=\"https:\/\/www.orsiniservice.it\/wordpress\/wp-content\/uploads\/2024\/08\/FM1-683x1024.jpg 683w, https:\/\/www.orsiniservice.it\/wordpress\/wp-content\/uploads\/2024\/08\/FM1-200x300.jpg 200w, https:\/\/www.orsiniservice.it\/wordpress\/wp-content\/uploads\/2024\/08\/FM1-768x1152.jpg 768w, https:\/\/www.orsiniservice.it\/wordpress\/wp-content\/uploads\/2024\/08\/FM1-1024x1536.jpg 1024w, https:\/\/www.orsiniservice.it\/wordpress\/wp-content\/uploads\/2024\/08\/FM1-1365x2048.jpg 1365w, https:\/\/www.orsiniservice.it\/wordpress\/wp-content\/uploads\/2024\/08\/FM1.jpg 1600w\" sizes=\"auto, (max-width: 683px) 100vw, 683px\" \/><\/figure><div class=\"wp-block-media-text__content\">\n<h2 class=\"wp-block-heading\">Trattiamo bene l&#8217;acqua.<\/h2>\n\n\n\n<p>Sistemi di purificazione dell&#8217;acqua<\/p>\n\n\n\n<div style=\"height:20px\" aria-hidden=\"true\" class=\"wp-block-spacer\"><\/div>\n\n\n\n<p><strong>Avere acqua sempre pronta per essere erogata, in bicchiere, bottiglia o borraccia?<\/strong> Oggi \u00e8 possibile in tutti gli ambienti, rispettando tutte le normative e certificandone la qualit\u00e0 in base agli standard pi\u00f9 elevati.<\/p>\n\n\n\n<div style=\"height:20px\" aria-hidden=\"true\" class=\"wp-block-spacer\"><\/div>\n\n\n\n<p><strong>A CASA, IN UFFICIO E AL RISTORANTE<br><\/strong><em>tutte le ragioni di una scelta consapevole:<\/em><\/p>\n\n\n\n<div style=\"height:30px\" aria-hidden=\"true\" class=\"wp-block-spacer\"><\/div>\n\n\n\n<div class=\"wp-block-columns is-layout-flex wp-container-core-columns-is-layout-9d6595d7 wp-block-columns-is-layout-flex\">\n<div class=\"wp-block-column is-layout-flow wp-block-column-is-layout-flow\">\n<h3 class=\"wp-block-heading\"><strong>Semplicit\u00e0 logistica<\/strong><\/h3>\n\n\n\n<p>Senza lo stoccaggio e la movimentazione delle casse d\u2019acqua, si libera spazio prezioso e gestire l\u2019acqua diventa pi\u00f9 semplice e conveniente.<\/p>\n<\/div>\n\n\n\n<div class=\"wp-block-column is-layout-flow wp-block-column-is-layout-flow\">\n<h3 class=\"wp-block-heading\"><strong>Flessibilit\u00e0<\/strong><\/h3>\n\n\n\n<p>Puoi ottenere acqua depurata in qualsiasi momento, senza dover attendere consegne n\u00e9 perdere tempo ed energie in viaggi al negozio.<\/p>\n<\/div>\n\n\n\n<div class=\"wp-block-column is-layout-flow wp-block-column-is-layout-flow\">\n<h3 class=\"wp-block-heading\"><strong>Sostenibilit\u00e0<\/strong><\/h3>\n\n\n\n<p>Riduci l&#8217;impatto ambientale causato dalla produzione, distribuzione e smaltimento delle bottiglie di plastica.<\/p>\n<\/div>\n<\/div>\n\n\n\n<hr class=\"wp-block-separator has-alpha-channel-opacity\"\/>\n\n\n\n<div class=\"wp-block-columns is-layout-flex wp-container-core-columns-is-layout-9d6595d7 wp-block-columns-is-layout-flex\">\n<div class=\"wp-block-column is-layout-flow wp-block-column-is-layout-flow\">\n<h3 class=\"wp-block-heading\"><strong>Risparmio<\/strong><\/h3>\n\n\n\n<p>Investire in un sistema di purificazione dell&#8217;acqua, a lungo termine, pu\u00f2 risultare pi\u00f9 conveniente rispetto all&#8217;acquisto continuo di acqua in bottiglia.<\/p>\n<\/div>\n\n\n\n<div class=\"wp-block-column is-layout-flow wp-block-column-is-layout-flow\">\n<h3 class=\"wp-block-heading\">Salute<\/h3>\n\n\n\n<p>La microfiltrazione non elimina i sali minerali essenziali presenti nell&#8217;acqua e rimuove impurit\u00e0, sedimenti, batteri, tossine e contaminanti.<\/p>\n<\/div>\n\n\n\n<div class=\"wp-block-column is-layout-flow wp-block-column-is-layout-flow\">\n<h3 class=\"wp-block-heading\">Gusto<\/h3>\n\n\n\n<p>L&#8217;acqua depurata ha un sapore migliore di quella del rubinetto o in bottiglia. Migliorano le caratteristiche organolettiche e spariscono gli odori sgradevoli.<\/p>\n<\/div>\n<\/div>\n<\/div><\/div>\n\n\n\n<hr class=\"wp-block-separator has-alpha-channel-opacity\"\/>\n\n\n\n<div style=\"height:30px\" aria-hidden=\"true\" class=\"wp-block-spacer\"><\/div>\n\n\n\n<div class=\"wp-block-columns is-layout-flex wp-container-core-columns-is-layout-9d6595d7 wp-block-columns-is-layout-flex\">\n<div class=\"wp-block-column is-layout-flow wp-block-column-is-layout-flow\" style=\"flex-basis:66.66%\">\n<p><strong><em>Facciamo consulenza ai nostri clienti da pi\u00f9 di 30 anni. <\/em><\/strong><\/p>\n\n\n\n<p><br>Con <strong>Fonte Moreto<\/strong>, ci occupiamo di selezionare il migliore apparecchio sul mercato, per ottimizzare gli spazi e definire la dimensione e potenza pi\u00f9 adatta.<\/p>\n<\/div>\n\n\n\n<div class=\"wp-block-column is-layout-flow wp-block-column-is-layout-flow\" style=\"flex-basis:33.33%\">\n<p class=\"has-text-color\" style=\"color:#000000;font-size:17px\"><strong>Abbiamo soluzioni<\/strong>:<\/p>\n\n\n\n<ul class=\"wp-block-list\">\n<li>Soprabanco<\/li>\n\n\n\n<li>Sottobanco<\/li>\n\n\n\n<li>Colonne<\/li>\n\n\n\n<li>Home Design<\/li>\n<\/ul>\n<\/div>\n<\/div>\n\n\n\n<p class=\"has-text-align-center\"><em>I consulenti <strong>Fonte Moreto<\/strong> sapranno consigliarti nella scelta della soluzione pi\u00f9 adatta alle tue esigenze.<\/em><\/p>\n\n\n\n<div class=\"wp-block-columns is-layout-flex wp-container-core-columns-is-layout-9d6595d7 wp-block-columns-is-layout-flex\">\n<div class=\"wp-block-column is-vertically-aligned-center is-layout-flow wp-block-column-is-layout-flow\">\n<figure class=\"wp-block-image size-full\"><img loading=\"lazy\" decoding=\"async\" width=\"591\" height=\"472\" src=\"https:\/\/www.orsiniservice.it\/wordpress\/wp-content\/uploads\/2024\/08\/soprabanco.png\" alt=\"\" class=\"wp-image-285\" srcset=\"https:\/\/www.orsiniservice.it\/wordpress\/wp-content\/uploads\/2024\/08\/soprabanco.png 591w, https:\/\/www.orsiniservice.it\/wordpress\/wp-content\/uploads\/2024\/08\/soprabanco-300x240.png 300w\" sizes=\"auto, (max-width: 591px) 100vw, 591px\" \/><\/figure>\n<\/div>\n\n\n\n<div class=\"wp-block-column is-vertically-aligned-center is-layout-flow wp-block-column-is-layout-flow\"><div class=\"wp-block-image\">\n<figure class=\"aligncenter size-full is-resized\"><img loading=\"lazy\" decoding=\"async\" width=\"472\" height=\"827\" src=\"https:\/\/www.orsiniservice.it\/wordpress\/wp-content\/uploads\/2024\/08\/sottobanco-design.png\" alt=\"\" class=\"wp-image-284\" style=\"width:210px;height:auto\" srcset=\"https:\/\/www.orsiniservice.it\/wordpress\/wp-content\/uploads\/2024\/08\/sottobanco-design.png 472w, https:\/\/www.orsiniservice.it\/wordpress\/wp-content\/uploads\/2024\/08\/sottobanco-design-171x300.png 171w\" sizes=\"auto, (max-width: 472px) 100vw, 472px\" \/><\/figure>\n<\/div><\/div>\n\n\n\n<div class=\"wp-block-column is-vertically-aligned-center is-layout-flow wp-block-column-is-layout-flow\">\n<figure class=\"wp-block-image size-full is-resized\"><img loading=\"lazy\" decoding=\"async\" width=\"591\" height=\"827\" src=\"https:\/\/www.orsiniservice.it\/wordpress\/wp-content\/uploads\/2024\/08\/colonne.png\" alt=\"\" class=\"wp-image-286\" style=\"width:263px;height:auto\" srcset=\"https:\/\/www.orsiniservice.it\/wordpress\/wp-content\/uploads\/2024\/08\/colonne.png 591w, https:\/\/www.orsiniservice.it\/wordpress\/wp-content\/uploads\/2024\/08\/colonne-214x300.png 214w\" sizes=\"auto, (max-width: 591px) 100vw, 591px\" \/><\/figure>\n<\/div>\n<\/div>\n\n\n\n<hr class=\"wp-block-separator has-alpha-channel-opacity\"\/>\n\n\n\n<div class=\"wp-block-group alignfull is-content-justification-center\" style=\"margin-top:0;margin-bottom:0\"><div class=\"wp-block-group__inner-container is-layout-constrained wp-block-group-is-layout-constrained\">\n<div style=\"height:var(--wp--preset--spacing--20)\" aria-hidden=\"true\" class=\"wp-block-spacer\"><\/div>\n<\/div><\/div>\n\n\n\n<div class=\"wp-block-columns are-vertically-aligned-center is-layout-flex wp-container-core-columns-is-layout-9d6595d7 wp-block-columns-is-layout-flex\">\n<div class=\"wp-block-column is-vertically-aligned-center is-layout-flow wp-block-column-is-layout-flow\" style=\"flex-basis:33.33%\"><div class=\"wp-block-image\">\n<figure class=\"aligncenter is-resized\"><img loading=\"lazy\" decoding=\"async\" width=\"947\" height=\"1551\" src=\"https:\/\/www.orsiniservice.it\/wordpress\/wp-content\/uploads\/2024\/08\/FM2.jpg\" alt=\"\" class=\"wp-image-212\" style=\"width:247px;height:auto\" srcset=\"https:\/\/www.orsiniservice.it\/wordpress\/wp-content\/uploads\/2024\/08\/FM2.jpg 947w, https:\/\/www.orsiniservice.it\/wordpress\/wp-content\/uploads\/2024\/08\/FM2-183x300.jpg 183w, https:\/\/www.orsiniservice.it\/wordpress\/wp-content\/uploads\/2024\/08\/FM2-625x1024.jpg 625w, https:\/\/www.orsiniservice.it\/wordpress\/wp-content\/uploads\/2024\/08\/FM2-768x1258.jpg 768w, https:\/\/www.orsiniservice.it\/wordpress\/wp-content\/uploads\/2024\/08\/FM2-938x1536.jpg 938w\" sizes=\"auto, (max-width: 947px) 100vw, 947px\" \/><\/figure>\n<\/div><\/div>\n\n\n\n<div class=\"wp-block-column is-vertically-aligned-center is-layout-flow wp-block-column-is-layout-flow\" style=\"flex-basis:66.66%\">\n<p>Le nostre bottiglie hanno un design elegante e moderno, pur mantenendo un alto livello di praticit\u00e0 sia per quanto riguarda lo stoccaggio che la gestione giornaliera.<br><em>Forniamo ai nostri clienti il servizio di personalizzazione <\/em><\/p>\n\n\n\n<figure class=\"wp-block-image size-large\"><img loading=\"lazy\" decoding=\"async\" width=\"1024\" height=\"427\" src=\"https:\/\/www.orsiniservice.it\/wordpress\/wp-content\/uploads\/2024\/08\/img01_b1-1-1024x427.jpg\" alt=\"\" class=\"wp-image-94\" srcset=\"https:\/\/www.orsiniservice.it\/wordpress\/wp-content\/uploads\/2024\/08\/img01_b1-1-1024x427.jpg 1024w, https:\/\/www.orsiniservice.it\/wordpress\/wp-content\/uploads\/2024\/08\/img01_b1-1-300x125.jpg 300w, https:\/\/www.orsiniservice.it\/wordpress\/wp-content\/uploads\/2024\/08\/img01_b1-1-768x320.jpg 768w, https:\/\/www.orsiniservice.it\/wordpress\/wp-content\/uploads\/2024\/08\/img01_b1-1-1536x640.jpg 1536w, https:\/\/www.orsiniservice.it\/wordpress\/wp-content\/uploads\/2024\/08\/img01_b1-1.jpg 1920w\" sizes=\"auto, (max-width: 1024px) 100vw, 1024px\" \/><\/figure>\n<\/div>\n<\/div>\n\n\n\n<hr class=\"wp-block-separator has-alpha-channel-opacity\"\/>\n","protected":false},"excerpt":{"rendered":"<p>Facciamo consulenza ai nostri clienti da pi\u00f9 di 30 anni. Con Fonte Moreto, ci occupiamo di selezionare il migliore apparecchio sul mercato, per ottimizzare gli spazi e definire la dimensione e potenza pi\u00f9 adatta. Abbiamo soluzioni: I consulenti Fonte Moreto sapranno consigliarti nella scelta della soluzione pi\u00f9 adatta alle tue esigenze. Le nostre bottiglie hanno [&hellip;]<\/p>\n","protected":false},"author":1,"featured_media":0,"parent":45,"menu_order":1,"comment_status":"closed","ping_status":"closed","template":"","meta":{"footnotes":""},"class_list":["post-42","page","type-page","status-publish","hentry"],"_links":{"self":[{"href":"https:\/\/www.orsiniservice.it\/index.php?rest_route=\/wp\/v2\/pages\/42","targetHints":{"allow":["GET"]}}],"collection":[{"href":"https:\/\/www.orsiniservice.it\/index.php?rest_route=\/wp\/v2\/pages"}],"about":[{"href":"https:\/\/www.orsiniservice.it\/index.php?rest_route=\/wp\/v2\/types\/page"}],"author":[{"embeddable":true,"href":"https:\/\/www.orsiniservice.it\/index.php?rest_route=\/wp\/v2\/users\/1"}],"replies":[{"embeddable":true,"href":"https:\/\/www.orsiniservice.it\/index.php?rest_route=%2Fwp%2Fv2%2Fcomments&post=42"}],"version-history":[{"count":79,"href":"https:\/\/www.orsiniservice.it\/index.php?rest_route=\/wp\/v2\/pages\/42\/revisions"}],"predecessor-version":[{"id":299,"href":"https:\/\/www.orsiniservice.it\/index.php?rest_route=\/wp\/v2\/pages\/42\/revisions\/299"}],"up":[{"embeddable":true,"href":"https:\/\/www.orsiniservice.it\/index.php?rest_route=\/wp\/v2\/pages\/45"}],"wp:attachment":[{"href":"https:\/\/www.orsiniservice.it\/index.php?rest_route=%2Fwp%2Fv2%2Fmedia&parent=42"}],"curies":[{"name":"wp","href":"https:\/\/api.w.org\/{rel}","templated":true}]}}